{"id":3851,"date":"2022-04-11T11:46:28","date_gmt":"2022-04-11T11:46:28","guid":{"rendered":"http:\/\/devchampion.aubled.com\/?page_id=3851"},"modified":"2024-12-07T11:27:45","modified_gmt":"2024-12-07T11:27:45","slug":"externalisation","status":"publish","type":"page","link":"https:\/\/thedevchampion.net\/en\/externalisation\/","title":{"rendered":"Outsourcing"},"content":{"rendered":"<div data-elementor-type=\"wp-page\" data-elementor-id=\"3851\" class=\"elementor elementor-3851\">\n\t\t\t\t\t\t<section class=\"elementor-section elementor-top-section elementor-element elementor-element-3ec450b elementor-section-boxed elementor-section-height-default elementor-section-height-default\" data-id=\"3ec450b\" data-element_type=\"section\">\n\t\t\t\t\t\t<div class=\"elementor-container elementor-column-gap-default\">\n\t\t\t\t\t<div class=\"elementor-column elementor-col-100 elementor-top-column elementor-element elementor-element-5eff076\" data-id=\"5eff076\" data-element_type=\"column\">\n\t\t\t<div class=\"elementor-widget-wrap elementor-element-populated\">\n\t\t\t\t\t\t<div class=\"elementor-element elementor-element-274321d elementor-widget elementor-widget-heading\" data-id=\"274321d\" data-element_type=\"widget\" data-widget_type=\"heading.default\">\n\t\t\t\t<div class=\"elementor-widget-container\">\n\t\t\t\t\t<h2 class=\"elementor-heading-title elementor-size-default\">Outsourcing<\/h2>\t\t\t\t<\/div>\n\t\t\t\t<\/div>\n\t\t\t\t\t<\/div>\n\t\t<\/div>\n\t\t\t\t\t<\/div>\n\t\t<\/section>\n\t\t\t\t<section class=\"elementor-section elementor-top-section elementor-element elementor-element-2102560 elementor-section-boxed elementor-section-height-default elementor-section-height-default\" data-id=\"2102560\" data-element_type=\"section\">\n\t\t\t\t\t\t<div class=\"elementor-container elementor-column-gap-default\">\n\t\t\t\t\t<div class=\"elementor-column elementor-col-50 elementor-top-column elementor-element elementor-element-ce29320\" data-id=\"ce29320\" data-element_type=\"column\">\n\t\t\t<div class=\"elementor-widget-wrap elementor-element-populated\">\n\t\t\t\t\t\t<div class=\"elementor-element elementor-element-6a9213d elementor-widget elementor-widget-text-editor\" data-id=\"6a9213d\" data-element_type=\"widget\" data-widget_type=\"text-editor.default\">\n\t\t\t\t<div class=\"elementor-widget-container\">\n\t\t\t\t\t\t\t\t\t<p>\u00a0<\/p><p>\u00a0<\/p>\t\t\t\t\t\t\t\t<\/div>\n\t\t\t\t<\/div>\n\t\t\t\t<div class=\"elementor-element elementor-element-83bcb9e elementor-widget elementor-widget-image\" data-id=\"83bcb9e\" data-element_type=\"widget\" data-widget_type=\"image.default\">\n\t\t\t\t<div class=\"elementor-widget-container\">\n\t\t\t\t\t\t\t\t\t\t\t\t\t\t\t<img fetchpriority=\"high\" decoding=\"async\" width=\"280\" height=\"208\" src=\"https:\/\/thedevchampion.net\/wp-content\/uploads\/2022\/05\/Capture-decran-du-2022-05-11-14-20-47.png\" class=\"attachment-large size-large wp-image-5994\" alt=\"\" srcset=\"https:\/\/thedevchampion.net\/wp-content\/uploads\/2022\/05\/Capture-decran-du-2022-05-11-14-20-47.png 280w, https:\/\/thedevchampion.net\/wp-content\/uploads\/2022\/05\/Capture-decran-du-2022-05-11-14-20-47-16x12.png 16w\" sizes=\"(max-width: 280px) 100vw, 280px\" \/>\t\t\t\t\t\t\t\t\t\t\t\t\t\t\t<\/div>\n\t\t\t\t<\/div>\n\t\t\t\t\t<\/div>\n\t\t<\/div>\n\t\t\t\t<div class=\"elementor-column elementor-col-50 elementor-top-column elementor-element elementor-element-c54a825\" data-id=\"c54a825\" data-element_type=\"column\">\n\t\t\t<div class=\"elementor-widget-wrap elementor-element-populated\">\n\t\t\t\t\t\t<div class=\"elementor-element elementor-element-dd8a4b1 elementor-widget elementor-widget-text-editor\" data-id=\"dd8a4b1\" data-element_type=\"widget\" data-widget_type=\"text-editor.default\">\n\t\t\t\t<div class=\"elementor-widget-container\">\n\t\t\t\t\t\t\t\t\t<p><span style=\"color: #7a7a7a;\">L\u2019externalisation a pour objectif ultime de faire gagner en performance. Aujourd&#8217;hui, les entreprises sont amen\u00e9es \u00e0 faire ce choix non seulement pour confier les t\u00e2ches jug\u00e9es chronophages ou ne cr\u00e9ant pas de valeur, mais pour garantir l&#8217;avancement de leurs projets informatiques.<\/span><\/p><p><span style=\"color: #7a7a7a;\">Nous fournissons des professionnels test\u00e9s et valid\u00e9s qui s&#8217;int\u00e8grent rapidement aux \u00e9quipes des clients. Ils permettent d&#8217;acc\u00e9l\u00e9rer la livraison des applications\/logiciels \u00e0 des co\u00fbts maitris\u00e9s. Le client reste ma\u00eetre du processus des d\u00e9veloppements ; y compris le workflow, l&#8217;organisation de l&#8217;\u00e9quipe, les outils et la m\u00e9thodologie du projet.<\/span><\/p>\t\t\t\t\t\t\t\t<\/div>\n\t\t\t\t<\/div>\n\t\t\t\t\t<\/div>\n\t\t<\/div>\n\t\t\t\t\t<\/div>\n\t\t<\/section>\n\t\t\t\t<section class=\"elementor-section elementor-top-section elementor-element elementor-element-9526820 elementor-section-boxed elementor-section-height-default elementor-section-height-default\" data-id=\"9526820\" data-element_type=\"section\">\n\t\t\t\t\t\t<div class=\"elementor-container elementor-column-gap-default\">\n\t\t\t\t\t<div class=\"elementor-column elementor-col-100 elementor-top-column elementor-element elementor-element-b700ed0\" data-id=\"b700ed0\" data-element_type=\"column\">\n\t\t\t<div class=\"elementor-widget-wrap elementor-element-populated\">\n\t\t\t\t\t\t<div class=\"elementor-element elementor-element-ab3766e elementor-widget elementor-widget-text-editor\" data-id=\"ab3766e\" data-element_type=\"widget\" data-widget_type=\"text-editor.default\">\n\t\t\t\t<div class=\"elementor-widget-container\">\n\t\t\t\t\t\t\t\t\t<p align=\"justify\"><span style=\"color: #7a7a7a;\">Collaboration with the client can take different forms:<\/span><\/p><ul><li><p><span style=\"color: #7a7a7a;\">The relocated unit-price contracts providing the skills that remain physically with DEVCHAMPION. This skill is also embedded in the partner team that manages their work.<\/span><\/p><\/li><li><p><span style=\"color: #7a7a7a;\">As a project package resulting in an agreement between our two structures on an annual volume that will be consumed over time.<\/span><\/p><\/li><\/ul>\t\t\t\t\t\t\t\t<\/div>\n\t\t\t\t<\/div>\n\t\t\t\t\t<\/div>\n\t\t<\/div>\n\t\t\t\t\t<\/div>\n\t\t<\/section>\n\t\t\t\t<section class=\"elementor-section elementor-top-section elementor-element elementor-element-5e0d77c elementor-section-boxed elementor-section-height-default elementor-section-height-default\" data-id=\"5e0d77c\" data-element_type=\"section\">\n\t\t\t\t\t\t<div class=\"elementor-container elementor-column-gap-default\">\n\t\t\t\t\t<div class=\"elementor-column elementor-col-50 elementor-top-column elementor-element elementor-element-83fce76\" data-id=\"83fce76\" data-element_type=\"column\">\n\t\t\t<div class=\"elementor-widget-wrap elementor-element-populated\">\n\t\t\t\t\t\t<div class=\"elementor-element elementor-element-775a4cf elementor-widget elementor-widget-heading\" data-id=\"775a4cf\" data-element_type=\"widget\" data-widget_type=\"heading.default\">\n\t\t\t\t<div class=\"elementor-widget-container\">\n\t\t\t\t\t<h4 class=\"elementor-heading-title elementor-size-default\">Progress of a service<\/h4>\t\t\t\t<\/div>\n\t\t\t\t<\/div>\n\t\t\t\t<div class=\"elementor-element elementor-element-3b90b86 elementor-widget elementor-widget-text-editor\" data-id=\"3b90b86\" data-element_type=\"widget\" data-widget_type=\"text-editor.default\">\n\t\t\t\t<div class=\"elementor-widget-container\">\n\t\t\t\t\t\t\t\t\t<p align=\"justify\"><span style=\"color: #7a7a7a;\">Our project manager formalizes with you your technical needs<\/span><\/p><ol><li><p><span style=\"color: #7a7a7a;\">We establish and validate a contract with specifications<\/span><\/p><\/li><li><p><span style=\"color: #7a7a7a;\">We select or recruit the most suitable profile(s) to meet your needs<\/span><\/p><\/li><li><p><span style=\"color: #7a7a7a;\">We put in place the necessary technical means<\/span><\/p><\/li><li><p><span style=\"color: #7a7a7a;\">We establish a reception \/ training program<\/span><\/p><\/li><li><p><span style=\"color: #7a7a7a;\">We start the service and ensure quality monitoring<\/span><\/p><\/li><\/ol>\t\t\t\t\t\t\t\t<\/div>\n\t\t\t\t<\/div>\n\t\t\t\t\t<\/div>\n\t\t<\/div>\n\t\t\t\t<div class=\"elementor-column elementor-col-50 elementor-top-column elementor-element elementor-element-7d6a410\" data-id=\"7d6a410\" data-element_type=\"column\">\n\t\t\t<div class=\"elementor-widget-wrap elementor-element-populated\">\n\t\t\t\t\t\t<div class=\"elementor-element elementor-element-920dddb elementor-widget elementor-widget-text-editor\" data-id=\"920dddb\" data-element_type=\"widget\" data-widget_type=\"text-editor.default\">\n\t\t\t\t<div class=\"elementor-widget-container\">\n\t\t\t\t\t\t\t\t\t<p>\u00a0<\/p><p>\u00a0<\/p>\t\t\t\t\t\t\t\t<\/div>\n\t\t\t\t<\/div>\n\t\t\t\t<div class=\"elementor-element elementor-element-fffe9de elementor-widget elementor-widget-image\" data-id=\"fffe9de\" data-element_type=\"widget\" data-widget_type=\"image.default\">\n\t\t\t\t<div class=\"elementor-widget-container\">\n\t\t\t\t\t\t\t\t\t\t\t\t\t\t\t<img decoding=\"async\" width=\"294\" height=\"271\" src=\"https:\/\/thedevchampion.net\/wp-content\/uploads\/2022\/05\/Capture-decran-du-2022-05-11-13-47-22.png\" class=\"attachment-large size-large wp-image-5973\" alt=\"\" srcset=\"https:\/\/thedevchampion.net\/wp-content\/uploads\/2022\/05\/Capture-decran-du-2022-05-11-13-47-22.png 294w, https:\/\/thedevchampion.net\/wp-content\/uploads\/2022\/05\/Capture-decran-du-2022-05-11-13-47-22-13x12.png 13w\" sizes=\"(max-width: 294px) 100vw, 294px\" \/>\t\t\t\t\t\t\t\t\t\t\t\t\t\t\t<\/div>\n\t\t\t\t<\/div>\n\t\t\t\t\t<\/div>\n\t\t<\/div>\n\t\t\t\t\t<\/div>\n\t\t<\/section>\n\t\t\t\t<section class=\"elementor-section elementor-top-section elementor-element elementor-element-b33127a elementor-section-boxed elementor-section-height-default elementor-section-height-default\" data-id=\"b33127a\" data-element_type=\"section\">\n\t\t\t\t\t\t<div class=\"elementor-container elementor-column-gap-default\">\n\t\t\t\t\t<div class=\"elementor-column elementor-col-100 elementor-top-column elementor-element elementor-element-21f4ef3\" data-id=\"21f4ef3\" data-element_type=\"column\">\n\t\t\t<div class=\"elementor-widget-wrap elementor-element-populated\">\n\t\t\t\t\t\t<div class=\"elementor-element elementor-element-4d1b5e6 elementor-widget elementor-widget-heading\" data-id=\"4d1b5e6\" data-element_type=\"widget\" data-widget_type=\"heading.default\">\n\t\t\t\t<div class=\"elementor-widget-container\">\n\t\t\t\t\t<h4 class=\"elementor-heading-title elementor-size-default\">Do you need a qualified and certified developer?<\/h4>\t\t\t\t<\/div>\n\t\t\t\t<\/div>\n\t\t\t\t<div class=\"elementor-element elementor-element-dd02718 elementor-widget elementor-widget-text-editor\" data-id=\"dd02718\" data-element_type=\"widget\" data-widget_type=\"text-editor.default\">\n\t\t\t\t<div class=\"elementor-widget-container\">\n\t\t\t\t\t\t\t\t\t<p><span style=\"color: #000000;\">Please fill out the form, one of our advisors will contact you shortly!<\/span><\/p>\t\t\t\t\t\t\t\t<\/div>\n\t\t\t\t<\/div>\n\t\t\t\t<div class=\"elementor-element elementor-element-f105586 elementor-widget elementor-widget-shortcode\" data-id=\"f105586\" data-element_type=\"widget\" data-widget_type=\"shortcode.default\">\n\t\t\t\t<div class=\"elementor-widget-container\">\n\t\t\t\t\t\t\t<div class=\"elementor-shortcode\">\n<div class=\"wpcf7 no-js\" id=\"wpcf7-f4137-o1\" lang=\"en-US\" dir=\"ltr\" data-wpcf7-id=\"4137\">\n<div class=\"screen-reader-response\"><p role=\"status\" aria-live=\"polite\" aria-atomic=\"true\"><\/p> <ul><\/ul><\/div>\n<form action=\"\/en\/wp-json\/wp\/v2\/pages\/3851#wpcf7-f4137-o1\" method=\"post\" class=\"wpcf7-form init\" aria-label=\"Contact form\" novalidate=\"novalidate\" data-status=\"init\" data-trp-original-action=\"\/en\/wp-json\/wp\/v2\/pages\/3851#wpcf7-f4137-o1\">\n<fieldset class=\"hidden-fields-container\"><input type=\"hidden\" name=\"_wpcf7\" value=\"4137\" \/><input type=\"hidden\" name=\"_wpcf7_version\" value=\"6.1.3\" \/><input type=\"hidden\" name=\"_wpcf7_locale\" value=\"en_US\" \/><input type=\"hidden\" name=\"_wpcf7_unit_tag\" value=\"wpcf7-f4137-o1\" \/><input type=\"hidden\" name=\"_wpcf7_container_post\" value=\"0\" \/><input type=\"hidden\" name=\"_wpcf7_posted_data_hash\" value=\"\" \/>\n<\/fieldset>\n<p><label> Your name<br \/>\n<span class=\"wpcf7-form-control-wrap\" data-name=\"your-name\"><input size=\"40\" maxlength=\"400\" class=\"wpcf7-form-control wpcf7-text wpcf7-validates-as-required\" aria-required=\"true\" aria-invalid=\"false\" value=\"\" type=\"text\" name=\"your-name\" \/><\/span> <\/label>\n<\/p>\n<p><label> Your email<br \/>\n<span class=\"wpcf7-form-control-wrap\" data-name=\"your-email\"><input size=\"40\" maxlength=\"400\" class=\"wpcf7-form-control wpcf7-email wpcf7-validates-as-required wpcf7-text wpcf7-validates-as-email\" aria-required=\"true\" aria-invalid=\"false\" value=\"\" type=\"email\" name=\"your-email\" \/><\/span> <\/label>\n<\/p>\n<p><label> Your Suggestion<br \/>\n<span class=\"wpcf7-form-control-wrap\" data-name=\"your-subject\"><input size=\"40\" maxlength=\"400\" class=\"wpcf7-form-control wpcf7-text wpcf7-validates-as-required\" aria-required=\"true\" aria-invalid=\"false\" value=\"\" type=\"text\" name=\"your-subject\" \/><\/span> <\/label>\n<\/p>\n<p><label> Your message (optional)<br \/>\n<span class=\"wpcf7-form-control-wrap\" data-name=\"your-message\"><textarea cols=\"40\" rows=\"10\" maxlength=\"2000\" class=\"wpcf7-form-control wpcf7-textarea\" aria-invalid=\"false\" name=\"your-message\"><\/textarea><\/span> <\/label>\n<\/p>\n<p><input class=\"wpcf7-form-control wpcf7-submit has-spinner\" type=\"submit\" value=\"Send\" \/>\n<\/p><div class=\"wpcf7-response-output\" aria-hidden=\"true\"><\/div>\n<input type=\"hidden\" name=\"trp-form-language\" value=\"en\"\/><\/form>\n<\/div>\n<\/div>\n\t\t\t\t\t\t<\/div>\n\t\t\t\t<\/div>\n\t\t\t\t\t<\/div>\n\t\t<\/div>\n\t\t\t\t\t<\/div>\n\t\t<\/section>\n\t\t\t\t<\/div>","protected":false},"excerpt":{"rendered":"<p>Externalisation \u00a0 \u00a0 L\u2019externalisation a pour objectif ultime de faire gagner en performance. Aujourd&#8217;hui, les entreprises sont amen\u00e9es \u00e0 faire ce choix non seulement pour confier les t\u00e2ches jug\u00e9es chronophages ou ne cr\u00e9ant pas de valeur, mais pour garantir l&#8217;avancement de leurs projets informatiques. Nous fournissons des professionnels test\u00e9s et valid\u00e9s qui s&#8217;int\u00e8grent rapidement aux [&hellip;]<\/p>","protected":false},"author":1,"featured_media":0,"parent":0,"menu_order":0,"comment_status":"closed","ping_status":"closed","template":"","meta":{"_monsterinsights_skip_tracking":false,"_monsterinsights_sitenote_active":false,"_monsterinsights_sitenote_note":"","_monsterinsights_sitenote_category":0,"footnotes":""},"class_list":["post-3851","page","type-page","status-publish","hentry"],"aioseo_notices":[],"_links":{"self":[{"href":"https:\/\/thedevchampion.net\/en\/wp-json\/wp\/v2\/pages\/3851","targetHints":{"allow":["GET"]}}],"collection":[{"href":"https:\/\/thedevchampion.net\/en\/wp-json\/wp\/v2\/pages"}],"about":[{"href":"https:\/\/thedevchampion.net\/en\/wp-json\/wp\/v2\/types\/page"}],"author":[{"embeddable":true,"href":"https:\/\/thedevchampion.net\/en\/wp-json\/wp\/v2\/users\/1"}],"replies":[{"embeddable":true,"href":"https:\/\/thedevchampion.net\/en\/wp-json\/wp\/v2\/comments?post=3851"}],"version-history":[{"count":0,"href":"https:\/\/thedevchampion.net\/en\/wp-json\/wp\/v2\/pages\/3851\/revisions"}],"wp:attachment":[{"href":"https:\/\/thedevchampion.net\/en\/wp-json\/wp\/v2\/media?parent=3851"}],"curies":[{"name":"wp","href":"https:\/\/api.w.org\/{rel}","templated":true}]}}