{"id":3845,"date":"2022-04-11T11:36:36","date_gmt":"2022-04-11T11:36:36","guid":{"rendered":"http:\/\/devchampion.aubled.com\/?page_id=3845"},"modified":"2024-12-07T11:28:56","modified_gmt":"2024-12-07T11:28:56","slug":"concours","status":"publish","type":"page","link":"https:\/\/thedevchampion.net\/en\/concours\/","title":{"rendered":"Competition"},"content":{"rendered":"<div data-elementor-type=\"wp-page\" data-elementor-id=\"3845\" class=\"elementor elementor-3845\">\n\t\t\t\t\t\t<section class=\"elementor-section elementor-top-section elementor-element elementor-element-01411a1 elementor-section-boxed elementor-section-height-default elementor-section-height-default\" data-id=\"01411a1\" data-element_type=\"section\">\n\t\t\t\t\t\t<div class=\"elementor-container elementor-column-gap-default\">\n\t\t\t\t\t<div class=\"elementor-column elementor-col-100 elementor-top-column elementor-element elementor-element-50f7c64\" data-id=\"50f7c64\" data-element_type=\"column\">\n\t\t\t<div class=\"elementor-widget-wrap elementor-element-populated\">\n\t\t\t\t\t\t<div class=\"elementor-element elementor-element-c379c2d elementor-widget elementor-widget-heading\" data-id=\"c379c2d\" data-element_type=\"widget\" data-widget_type=\"heading.default\">\n\t\t\t\t<div class=\"elementor-widget-container\">\n\t\t\t\t\t<h1 class=\"elementor-heading-title elementor-size-default\">Competition<\/h1>\t\t\t\t<\/div>\n\t\t\t\t<\/div>\n\t\t\t\t\t<\/div>\n\t\t<\/div>\n\t\t\t\t\t<\/div>\n\t\t<\/section>\n\t\t\t\t<section class=\"elementor-section elementor-top-section elementor-element elementor-element-d120098 elementor-section-boxed elementor-section-height-default elementor-section-height-default\" data-id=\"d120098\" data-element_type=\"section\">\n\t\t\t\t\t\t<div class=\"elementor-container elementor-column-gap-default\">\n\t\t\t\t\t<div class=\"elementor-column elementor-col-100 elementor-top-column elementor-element elementor-element-f9f4a0f\" data-id=\"f9f4a0f\" data-element_type=\"column\">\n\t\t\t<div class=\"elementor-widget-wrap elementor-element-populated\">\n\t\t\t\t\t\t<div class=\"elementor-element elementor-element-e2659e0 elementor-widget elementor-widget-text-editor\" data-id=\"e2659e0\" data-element_type=\"widget\" data-widget_type=\"text-editor.default\">\n\t\t\t\t<div class=\"elementor-widget-container\">\n\t\t\t\t\t\t\t\t\t<p>DEVCHAMPION revient le 24 janvier 2023! Pr\u00e9parez-vous pour un concours encore plus challengeant\u2026Inscription ci-dessous<\/p>\t\t\t\t\t\t\t\t<\/div>\n\t\t\t\t<\/div>\n\t\t\t\t\t<\/div>\n\t\t<\/div>\n\t\t\t\t\t<\/div>\n\t\t<\/section>\n\t\t\t\t<section class=\"elementor-section elementor-top-section elementor-element elementor-element-5fa97db elementor-section-boxed elementor-section-height-default elementor-section-height-default\" data-id=\"5fa97db\" data-element_type=\"section\">\n\t\t\t\t\t\t<div class=\"elementor-container elementor-column-gap-default\">\n\t\t\t\t\t<div class=\"elementor-column elementor-col-50 elementor-top-column elementor-element elementor-element-d014ac9\" data-id=\"d014ac9\" data-element_type=\"column\">\n\t\t\t<div class=\"elementor-widget-wrap elementor-element-populated\">\n\t\t\t\t\t\t<div class=\"elementor-element elementor-element-2669d5b elementor-widget elementor-widget-image\" data-id=\"2669d5b\" data-element_type=\"widget\" data-widget_type=\"image.default\">\n\t\t\t\t<div class=\"elementor-widget-container\">\n\t\t\t\t\t\t\t\t\t\t\t\t\t\t\t<img fetchpriority=\"high\" decoding=\"async\" width=\"640\" height=\"640\" src=\"https:\/\/thedevchampion.net\/wp-content\/uploads\/2023\/10\/hOMME-WAK-1.png\" class=\"attachment-large size-large wp-image-6677\" alt=\"\" srcset=\"https:\/\/thedevchampion.net\/wp-content\/uploads\/2023\/10\/hOMME-WAK-1.png 1024w, https:\/\/thedevchampion.net\/wp-content\/uploads\/2023\/10\/hOMME-WAK-1-300x300.png 300w, https:\/\/thedevchampion.net\/wp-content\/uploads\/2023\/10\/hOMME-WAK-1-100x100.png 100w, https:\/\/thedevchampion.net\/wp-content\/uploads\/2023\/10\/hOMME-WAK-1-600x600.png 600w, https:\/\/thedevchampion.net\/wp-content\/uploads\/2023\/10\/hOMME-WAK-1-150x150.png 150w, https:\/\/thedevchampion.net\/wp-content\/uploads\/2023\/10\/hOMME-WAK-1-768x768.png 768w, https:\/\/thedevchampion.net\/wp-content\/uploads\/2023\/10\/hOMME-WAK-1-12x12.png 12w, https:\/\/thedevchampion.net\/wp-content\/uploads\/2023\/10\/hOMME-WAK-1-400x400.png 400w, https:\/\/thedevchampion.net\/wp-content\/uploads\/2023\/10\/hOMME-WAK-1-200x200.png 200w, https:\/\/thedevchampion.net\/wp-content\/uploads\/2023\/10\/hOMME-WAK-1-115x115.png 115w, https:\/\/thedevchampion.net\/wp-content\/uploads\/2023\/10\/hOMME-WAK-1-80x80.png 80w, https:\/\/thedevchampion.net\/wp-content\/uploads\/2023\/10\/hOMME-WAK-1-32x32.png 32w\" sizes=\"(max-width: 640px) 100vw, 640px\" \/>\t\t\t\t\t\t\t\t\t\t\t\t\t\t\t<\/div>\n\t\t\t\t<\/div>\n\t\t\t\t\t<\/div>\n\t\t<\/div>\n\t\t\t\t<div class=\"elementor-column elementor-col-50 elementor-top-column elementor-element elementor-element-538db6f\" data-id=\"538db6f\" data-element_type=\"column\">\n\t\t\t<div class=\"elementor-widget-wrap elementor-element-populated\">\n\t\t\t\t\t\t<div class=\"elementor-element elementor-element-3133b25 elementor-widget elementor-widget-text-editor\" data-id=\"3133b25\" data-element_type=\"widget\" data-widget_type=\"text-editor.default\">\n\t\t\t\t<div class=\"elementor-widget-container\">\n\t\t\t\t\t\t\t\t\t<p>\u00a0<\/p><p>\u00a0<\/p>\t\t\t\t\t\t\t\t<\/div>\n\t\t\t\t<\/div>\n\t\t\t\t<div class=\"elementor-element elementor-element-3dc561b elementor-widget elementor-widget-text-editor\" data-id=\"3dc561b\" data-element_type=\"widget\" data-widget_type=\"text-editor.default\">\n\t\t\t\t<div class=\"elementor-widget-container\">\n\t\t\t\t\t\t\t\t\t<p><span style=\"color: #7a7a7a;\">If you are passionate about programming or cybersecurity and want to show the world how you master these fields, look no further, the DEVCHAMPION competitions are for you. So come :<\/span><\/p>\n<p><span style=\"color: #7a7a7a;\"><strong>. <\/strong>test your skills and improve them;<\/span><\/p>\n<p><span style=\"color: #7a7a7a;\"><strong>. <\/strong>win prizes (1st prize $5,000, training, certifications, computers, tablets, etc.);<\/span><\/p>\n<p><span style=\"color: #7a7a7a;\"><strong>. <\/strong>make yourself known and attract national and international recruiters;<\/span><\/p>\n<p><span style=\"color: #7a7a7a;\"><strong>. <\/strong>find freelance jobs.<\/span><\/p>\t\t\t\t\t\t\t\t<\/div>\n\t\t\t\t<\/div>\n\t\t\t\t\t<\/div>\n\t\t<\/div>\n\t\t\t\t\t<\/div>\n\t\t<\/section>\n\t\t\t\t<section class=\"elementor-section elementor-top-section elementor-element elementor-element-be5f1c0 elementor-section-boxed elementor-section-height-default elementor-section-height-default\" data-id=\"be5f1c0\" data-element_type=\"section\">\n\t\t\t\t\t\t<div class=\"elementor-container elementor-column-gap-default\">\n\t\t\t\t\t<div class=\"elementor-column elementor-col-50 elementor-top-column elementor-element elementor-element-9bc1e70\" data-id=\"9bc1e70\" data-element_type=\"column\">\n\t\t\t<div class=\"elementor-widget-wrap elementor-element-populated\">\n\t\t\t\t\t\t<div class=\"elementor-element elementor-element-066d27e elementor-widget elementor-widget-text-editor\" data-id=\"066d27e\" data-element_type=\"widget\" data-widget_type=\"text-editor.default\">\n\t\t\t\t<div class=\"elementor-widget-container\">\n\t\t\t\t\t\t\t\t\t<p>\u00a0<\/p><p>\u00a0<\/p>\t\t\t\t\t\t\t\t<\/div>\n\t\t\t\t<\/div>\n\t\t\t\t<div class=\"elementor-element elementor-element-fbac96a elementor-widget elementor-widget-image\" data-id=\"fbac96a\" data-element_type=\"widget\" data-widget_type=\"image.default\">\n\t\t\t\t<div class=\"elementor-widget-container\">\n\t\t\t\t\t\t\t\t\t\t\t\t\t\t\t<img decoding=\"async\" width=\"640\" height=\"640\" src=\"https:\/\/thedevchampion.net\/wp-content\/uploads\/2023\/10\/Geek-au-village.jpg\" class=\"attachment-large size-large wp-image-6679\" alt=\"\" srcset=\"https:\/\/thedevchampion.net\/wp-content\/uploads\/2023\/10\/Geek-au-village.jpg 1024w, https:\/\/thedevchampion.net\/wp-content\/uploads\/2023\/10\/Geek-au-village-300x300.jpg 300w, https:\/\/thedevchampion.net\/wp-content\/uploads\/2023\/10\/Geek-au-village-100x100.jpg 100w, https:\/\/thedevchampion.net\/wp-content\/uploads\/2023\/10\/Geek-au-village-600x600.jpg 600w, https:\/\/thedevchampion.net\/wp-content\/uploads\/2023\/10\/Geek-au-village-150x150.jpg 150w, https:\/\/thedevchampion.net\/wp-content\/uploads\/2023\/10\/Geek-au-village-768x768.jpg 768w, https:\/\/thedevchampion.net\/wp-content\/uploads\/2023\/10\/Geek-au-village-12x12.jpg 12w, https:\/\/thedevchampion.net\/wp-content\/uploads\/2023\/10\/Geek-au-village-400x400.jpg 400w, https:\/\/thedevchampion.net\/wp-content\/uploads\/2023\/10\/Geek-au-village-200x200.jpg 200w, https:\/\/thedevchampion.net\/wp-content\/uploads\/2023\/10\/Geek-au-village-115x115.jpg 115w, https:\/\/thedevchampion.net\/wp-content\/uploads\/2023\/10\/Geek-au-village-80x80.jpg 80w, https:\/\/thedevchampion.net\/wp-content\/uploads\/2023\/10\/Geek-au-village-32x32.jpg 32w\" sizes=\"(max-width: 640px) 100vw, 640px\" \/>\t\t\t\t\t\t\t\t\t\t\t\t\t\t\t<\/div>\n\t\t\t\t<\/div>\n\t\t\t\t\t<\/div>\n\t\t<\/div>\n\t\t\t\t<div class=\"elementor-column elementor-col-50 elementor-top-column elementor-element elementor-element-288c841\" data-id=\"288c841\" data-element_type=\"column\">\n\t\t\t<div class=\"elementor-widget-wrap elementor-element-populated\">\n\t\t\t\t\t\t<div class=\"elementor-element elementor-element-fe2c103 elementor-widget elementor-widget-heading\" data-id=\"fe2c103\" data-element_type=\"widget\" data-widget_type=\"heading.default\">\n\t\t\t\t<div class=\"elementor-widget-container\">\n\t\t\t\t\t<h2 class=\"elementor-heading-title elementor-size-default\">How to participate ?<\/h2>\t\t\t\t<\/div>\n\t\t\t\t<\/div>\n\t\t\t\t<div class=\"elementor-element elementor-element-3f48d1f elementor-widget elementor-widget-text-editor\" data-id=\"3f48d1f\" data-element_type=\"widget\" data-widget_type=\"text-editor.default\">\n\t\t\t\t<div class=\"elementor-widget-container\">\n\t\t\t\t\t\t\t\t\t<p><strong><span style=\"color: #000000;\">Step 1 : Registration<\/span><\/strong><\/p><p><span style=\"color: #7a7a7a;\">Seul ou en \u00e9quipe, la premi\u00e8re \u00e9tape pour participer a DEVCHAMPION consiste a s&#8217;inscrire.<\/span><\/p><p><strong><span style=\"color: #000000;\">Step 2 : Training<\/span><\/strong><\/p><p><span style=\"color: #7a7a7a;\">Seul ou en \u00e9quipe, entra\u00eener vous durement. Vous pouvez acc\u00e9der a une liste de concours sur la page d&#8217;entrainement du site.<\/span><\/p><p><strong><span style=\"color: #000000;\">Step 3 : Competition<\/span><\/strong><\/p><p><span style=\"color: #7a7a7a;\">Le jour J, a l&#8217;heure H, se connecter a la plateforme fournie par notre partenaire technique et relever les d\u00e9fis propos\u00e9s.\u00a0<\/span><\/p><p><strong><span style=\"color: #000000;\">Step 4 : Result<\/span><\/strong><\/p><p><span style=\"color: #7a7a7a;\">The results are announced immediately at the end of the competition.<\/span><\/p><p><strong><span style=\"color: #000000;\">Step 5 : Price<\/span><\/strong><\/p><p><span style=\"color: #7a7a7a;\">Si vous \u00eates l&#8217;heureux gagnant, vous recevez un ch\u00e8que de 5 000$ et vous vous faites rep\u00e9rer par tous les sponsors de l\u2019\u00e9v\u00e9nement.<\/span><\/p><p><span style=\"color: #7a7a7a;\">The date of the next competition will be announced soon. Practice.<\/span><\/p>\t\t\t\t\t\t\t\t<\/div>\n\t\t\t\t<\/div>\n\t\t\t\t\t<\/div>\n\t\t<\/div>\n\t\t\t\t\t<\/div>\n\t\t<\/section>\n\t\t\t\t<section class=\"elementor-section elementor-top-section elementor-element elementor-element-b318960 elementor-section-boxed elementor-section-height-default elementor-section-height-default\" data-id=\"b318960\" data-element_type=\"section\">\n\t\t\t\t\t\t<div class=\"elementor-container elementor-column-gap-default\">\n\t\t\t\t\t<div class=\"elementor-column elementor-col-50 elementor-top-column elementor-element elementor-element-27168f5\" data-id=\"27168f5\" data-element_type=\"column\">\n\t\t\t<div class=\"elementor-widget-wrap elementor-element-populated\">\n\t\t\t\t\t\t<div class=\"elementor-element elementor-element-f3c421e elementor-widget elementor-widget-heading\" data-id=\"f3c421e\" data-element_type=\"widget\" data-widget_type=\"heading.default\">\n\t\t\t\t<div class=\"elementor-widget-container\">\n\t\t\t\t\t<h2 class=\"elementor-heading-title elementor-size-default\">Practice<\/h2>\t\t\t\t<\/div>\n\t\t\t\t<\/div>\n\t\t\t\t<div class=\"elementor-element elementor-element-9b787d3 elementor-widget elementor-widget-text-editor\" data-id=\"9b787d3\" data-element_type=\"widget\" data-widget_type=\"text-editor.default\">\n\t\t\t\t<div class=\"elementor-widget-container\">\n\t\t\t\t\t\t\t\t\t<p><span style=\"color: #7a7a7a;\">DEVCHAMPION contests are online contests that require great speed in solving the challenges because they generally last between 2 and 4 hours. It is therefore very important to prepare well by strengthening your programming and algorithmic skills for developers and in reserve-engineering, scripting and cryptography for cybersecurity specialists.<\/span><\/p><p><span style=\"color: #7a7a7a;\">The resources below will allow you to train on the old DEVCHAMPION challenges, but also on many other competitions that are in the same spirit. Be careful not to spread yourself too thin:<\/span><\/p>\t\t\t\t\t\t\t\t<\/div>\n\t\t\t\t<\/div>\n\t\t\t\t\t<\/div>\n\t\t<\/div>\n\t\t\t\t<div class=\"elementor-column elementor-col-50 elementor-top-column elementor-element elementor-element-362f314\" data-id=\"362f314\" data-element_type=\"column\">\n\t\t\t<div class=\"elementor-widget-wrap elementor-element-populated\">\n\t\t\t\t\t\t<div class=\"elementor-element elementor-element-301c9c7 elementor-widget elementor-widget-image\" data-id=\"301c9c7\" data-element_type=\"widget\" data-widget_type=\"image.default\">\n\t\t\t\t<div class=\"elementor-widget-container\">\n\t\t\t\t\t\t\t\t\t\t\t\t\t\t\t<img decoding=\"async\" width=\"640\" height=\"640\" src=\"https:\/\/thedevchampion.net\/wp-content\/uploads\/2023\/10\/Groupe-de-programmeur.jpg\" class=\"attachment-large size-large wp-image-6678\" alt=\"\" srcset=\"https:\/\/thedevchampion.net\/wp-content\/uploads\/2023\/10\/Groupe-de-programmeur.jpg 1024w, https:\/\/thedevchampion.net\/wp-content\/uploads\/2023\/10\/Groupe-de-programmeur-300x300.jpg 300w, https:\/\/thedevchampion.net\/wp-content\/uploads\/2023\/10\/Groupe-de-programmeur-100x100.jpg 100w, https:\/\/thedevchampion.net\/wp-content\/uploads\/2023\/10\/Groupe-de-programmeur-600x600.jpg 600w, https:\/\/thedevchampion.net\/wp-content\/uploads\/2023\/10\/Groupe-de-programmeur-150x150.jpg 150w, https:\/\/thedevchampion.net\/wp-content\/uploads\/2023\/10\/Groupe-de-programmeur-768x768.jpg 768w, https:\/\/thedevchampion.net\/wp-content\/uploads\/2023\/10\/Groupe-de-programmeur-12x12.jpg 12w, https:\/\/thedevchampion.net\/wp-content\/uploads\/2023\/10\/Groupe-de-programmeur-400x400.jpg 400w, https:\/\/thedevchampion.net\/wp-content\/uploads\/2023\/10\/Groupe-de-programmeur-200x200.jpg 200w, https:\/\/thedevchampion.net\/wp-content\/uploads\/2023\/10\/Groupe-de-programmeur-115x115.jpg 115w, https:\/\/thedevchampion.net\/wp-content\/uploads\/2023\/10\/Groupe-de-programmeur-80x80.jpg 80w, https:\/\/thedevchampion.net\/wp-content\/uploads\/2023\/10\/Groupe-de-programmeur-32x32.jpg 32w\" sizes=\"(max-width: 640px) 100vw, 640px\" \/>\t\t\t\t\t\t\t\t\t\t\t\t\t\t\t<\/div>\n\t\t\t\t<\/div>\n\t\t\t\t\t<\/div>\n\t\t<\/div>\n\t\t\t\t\t<\/div>\n\t\t<\/section>\n\t\t\t\t<section class=\"elementor-section elementor-top-section elementor-element elementor-element-5ccf964 elementor-section-boxed elementor-section-height-default elementor-section-height-default\" data-id=\"5ccf964\" data-element_type=\"section\">\n\t\t\t\t\t\t<div class=\"elementor-container elementor-column-gap-default\">\n\t\t\t\t\t<div class=\"elementor-column elementor-col-50 elementor-top-column elementor-element elementor-element-1ea6a6d\" data-id=\"1ea6a6d\" data-element_type=\"column\">\n\t\t\t<div class=\"elementor-widget-wrap elementor-element-populated\">\n\t\t\t\t\t\t<div class=\"elementor-element elementor-element-c2eff68 elementor-widget elementor-widget-heading\" data-id=\"c2eff68\" data-element_type=\"widget\" data-widget_type=\"heading.default\">\n\t\t\t\t<div class=\"elementor-widget-container\">\n\t\t\t\t\t<h2 class=\"elementor-heading-title elementor-size-default\">Please complete the form<\/h2>\t\t\t\t<\/div>\n\t\t\t\t<\/div>\n\t\t\t\t<div class=\"elementor-element elementor-element-bda1d58 elementor-widget elementor-widget-shortcode\" data-id=\"bda1d58\" data-element_type=\"widget\" data-widget_type=\"shortcode.default\">\n\t\t\t\t<div class=\"elementor-widget-container\">\n\t\t\t\t\t\t\t<div class=\"elementor-shortcode\">\n<div class=\"wpcf7 no-js\" id=\"wpcf7-f4940-o1\" lang=\"fr-FR\" dir=\"ltr\" data-wpcf7-id=\"4940\">\n<div class=\"screen-reader-response\"><p role=\"status\" aria-live=\"polite\" aria-atomic=\"true\"><\/p> <ul><\/ul><\/div>\n<form action=\"\/en\/wp-json\/wp\/v2\/pages\/3845#wpcf7-f4940-o1\" method=\"post\" class=\"wpcf7-form init\" aria-label=\"Formulaire de contact\" novalidate=\"novalidate\" data-status=\"init\" data-trp-original-action=\"\/en\/wp-json\/wp\/v2\/pages\/3845#wpcf7-f4940-o1\">\n<fieldset class=\"hidden-fields-container\"><input type=\"hidden\" name=\"_wpcf7\" value=\"4940\" \/><input type=\"hidden\" name=\"_wpcf7_version\" value=\"6.1.3\" \/><input type=\"hidden\" name=\"_wpcf7_locale\" value=\"fr_FR\" \/><input type=\"hidden\" name=\"_wpcf7_unit_tag\" value=\"wpcf7-f4940-o1\" \/><input type=\"hidden\" name=\"_wpcf7_container_post\" value=\"0\" \/><input type=\"hidden\" name=\"_wpcf7_posted_data_hash\" value=\"\" \/>\n<\/fieldset>\n<p><label> Name<br \/>\n<span class=\"wpcf7-form-control-wrap\" data-name=\"your-name\"><input size=\"40\" maxlength=\"400\" class=\"wpcf7-form-control wpcf7-text wpcf7-validates-as-required\" aria-required=\"true\" aria-invalid=\"false\" value=\"\" type=\"text\" name=\"your-name\" \/><\/span> <\/label>\n<\/p>\n<p><label> Pr\u00e9nom<br \/>\n<span class=\"wpcf7-form-control-wrap\" data-name=\"prenom\"><input size=\"40\" maxlength=\"400\" class=\"wpcf7-form-control wpcf7-text wpcf7-validates-as-required\" aria-required=\"true\" aria-invalid=\"false\" value=\"\" type=\"text\" name=\"prenom\" \/><\/span> <\/label>\n<\/p>\n<p><label> Pseudo<br \/>\n<span class=\"wpcf7-form-control-wrap\" data-name=\"Pseudos\"><input size=\"40\" maxlength=\"400\" class=\"wpcf7-form-control wpcf7-text wpcf7-validates-as-required\" aria-required=\"true\" aria-invalid=\"false\" value=\"\" type=\"text\" name=\"Pseudos\" \/><\/span> <\/label>\n<\/p>\n<p><label> E-mail<br \/>\n<span class=\"wpcf7-form-control-wrap\" data-name=\"email\"><input size=\"40\" maxlength=\"400\" class=\"wpcf7-form-control wpcf7-email wpcf7-validates-as-required wpcf7-text wpcf7-validates-as-email\" aria-required=\"true\" aria-invalid=\"false\" value=\"\" type=\"email\" name=\"email\" \/><\/span> <\/label>\n<\/p>\n<p><label> City<br \/>\n<span class=\"wpcf7-form-control-wrap\" data-name=\"ville\"><input size=\"40\" maxlength=\"400\" class=\"wpcf7-form-control wpcf7-text wpcf7-validates-as-required\" aria-required=\"true\" aria-invalid=\"false\" value=\"\" type=\"text\" name=\"ville\" \/><\/span> <\/label>\n<\/p>\n<p><label> M\u00e9tier<br \/>\n<span class=\"wpcf7-form-control-wrap\" data-name=\"metier\"><input size=\"40\" maxlength=\"400\" class=\"wpcf7-form-control wpcf7-text wpcf7-validates-as-required\" aria-required=\"true\" aria-invalid=\"false\" value=\"\" type=\"text\" name=\"metier\" \/><\/span> <\/label>\n<\/p>\n<p><label> Phone number<br \/>\n<span class=\"wpcf7-form-control-wrap\" data-name=\"numero\"><input size=\"40\" maxlength=\"400\" class=\"wpcf7-form-control wpcf7-tel wpcf7-text wpcf7-validates-as-tel\" aria-invalid=\"false\" value=\"\" type=\"tel\" name=\"numero\" \/><\/span> <\/label>\n<\/p>\n<p><label> Date of Birth<br \/>\n<span class=\"wpcf7-form-control-wrap\" data-name=\"date-naissance\"><input class=\"wpcf7-form-control wpcf7-date wpcf7-validates-as-date\" aria-invalid=\"false\" value=\"\" type=\"date\" name=\"date-naissance\" \/><\/span> <\/label>\n<\/p>\n<fieldset>\n\t<legend>Sex\n\t<\/legend>\n\t<div>\n\t\t<p><label for=\"huey\">M<\/label><br \/>\n<input type=\"radio\" id=\"huey\" name=\"drone\" value=\"huey\" checked \/>\n\t\t<\/p>\n\t<\/div>\n\t<div>\n\t\t<p><label for=\"dewey\">F<\/label><br \/>\n<input type=\"radio\" id=\"dewey\" name=\"drone\" value=\"dewey\" \/>\n\t\t<\/p>\n\t<\/div>\n<\/fieldset>\n<p><input class=\"wpcf7-form-control wpcf7-submit has-spinner\" type=\"submit\" value=\"Send\" \/>\n<\/p><div class=\"wpcf7-response-output\" aria-hidden=\"true\"><\/div>\n<input type=\"hidden\" name=\"trp-form-language\" value=\"en\"\/><\/form>\n<\/div>\n<\/div>\n\t\t\t\t\t\t<\/div>\n\t\t\t\t<\/div>\n\t\t\t\t\t<\/div>\n\t\t<\/div>\n\t\t\t\t<div class=\"elementor-column elementor-col-50 elementor-top-column elementor-element elementor-element-d9059c3\" data-id=\"d9059c3\" data-element_type=\"column\">\n\t\t\t<div class=\"elementor-widget-wrap elementor-element-populated\">\n\t\t\t\t\t\t<div class=\"elementor-element elementor-element-99c77a8 elementor-widget elementor-widget-heading\" data-id=\"99c77a8\" data-element_type=\"widget\" data-widget_type=\"heading.default\">\n\t\t\t\t<div class=\"elementor-widget-container\">\n\t\t\t\t\t<h2 class=\"elementor-heading-title elementor-size-default\">Contest for developers:<\/h2>\t\t\t\t<\/div>\n\t\t\t\t<\/div>\n\t\t\t\t<div class=\"elementor-element elementor-element-0263d9a elementor-widget elementor-widget-text-editor\" data-id=\"0263d9a\" data-element_type=\"widget\" data-widget_type=\"text-editor.default\">\n\t\t\t\t<div class=\"elementor-widget-container\">\n\t\t\t\t\t\t\t\t\t<ol><li><p><a href=\"https:\/\/www.isograd.com\/FR\/solutionconcours.php\" target=\"_blank\" rel=\"noopener\"><span style=\"color: #0000ff;\"><span style=\"font-family: Times New Roman, serif;\"><span style=\"font-size: medium;\"><u>Isograd<\/u><\/span><\/span><\/span><\/a><\/p><\/li><li><p><a href=\"https:\/\/codingcompetitions.withgoogle.com\/hashcode\" target=\"_blank\" rel=\"noopener\"><span style=\"color: #0000ff;\"><span style=\"font-family: Times New Roman, serif;\"><span style=\"font-size: medium;\"><u>Codingcompetitions<\/u><\/span><\/span><\/span><\/a><\/p><\/li><li><p><a href=\"https:\/\/www.facebook.com\/hackercup\/\" target=\"_blank\" rel=\"noopener\"><span style=\"color: #0000ff;\"><span style=\"font-family: Times New Roman, serif;\"><span style=\"font-size: medium;\"><u>hackercup<\/u><\/span><\/span><\/span><\/a><\/p><\/li><li><p><a href=\"http:\/\/www.france-ioi.org\/\" target=\"_blank\" rel=\"noopener\"><span style=\"color: #0000ff;\"><span style=\"font-family: Times New Roman, serif;\"><span style=\"font-size: medium;\"><u>France-ioi<\/u><\/span><\/span><\/span><\/a><\/p><\/li><li><p><a href=\"https:\/\/prologin.org\/\" target=\"_blank\" rel=\"noopener\"><span style=\"color: #0000ff;\"><span style=\"font-family: Times New Roman, serif;\"><span style=\"font-size: medium;\"><u>Prologin<\/u><\/span><\/span><\/span><\/a><\/p><\/li><li><p><a href=\"https:\/\/www.codingame.com\/start\" target=\"_blank\" rel=\"noopener\"><span style=\"color: #0000ff;\"><span style=\"font-family: Times New Roman, serif;\"><span style=\"font-size: medium;\"><u>Codingame<\/u><\/span><\/span><\/span><\/a><\/p><\/li><li><p><a href=\"https:\/\/codeforces.com\/\" target=\"_blank\" rel=\"noopener\"><span style=\"color: #0000ff;\"><span style=\"font-family: Times New Roman, serif;\"><span style=\"font-size: medium;\"><u>Codeforces<\/u><\/span><\/span><\/span><\/a><\/p><\/li><li><p><a href=\"https:\/\/www.codechef.com\/\" target=\"_blank\" rel=\"noopener\"><span style=\"color: #0000ff;\"><span style=\"font-family: Times New Roman, serif;\"><span style=\"font-size: medium;\"><u>Codechef<\/u><\/span><\/span><\/span><\/a><\/p><\/li><li><p><a href=\"https:\/\/www.topcoder.com\/\" target=\"_blank\" rel=\"noopener\"><span style=\"color: #0000ff;\"><span style=\"font-family: Times New Roman, serif;\"><span style=\"font-size: medium;\"><u>Topcoder<\/u><\/span><\/span><\/span><\/a><\/p><\/li><li><p><a href=\"https:\/\/swerc.eu\/2020\/about\/\" target=\"_blank\" rel=\"noopener\"><span style=\"color: #0000ff;\"><span style=\"font-family: Times New Roman, serif;\"><span style=\"font-size: medium;\"><u>Swerc<\/u><\/span><\/span><\/span><\/a><\/p><\/li><\/ol>\t\t\t\t\t\t\t\t<\/div>\n\t\t\t\t<\/div>\n\t\t\t\t\t<\/div>\n\t\t<\/div>\n\t\t\t\t\t<\/div>\n\t\t<\/section>\n\t\t\t\t<\/div>","protected":false},"excerpt":{"rendered":"<p>Concours DEVCHAMPION revient le 24 janvier 2023! Pr\u00e9parez-vous pour un concours encore plus challengeant\u2026Inscription ci-dessous \u00a0 \u00a0 Si vous \u00eates passionn\u00e9 par la programmation ou la cybers\u00e9curit\u00e9 et d\u00e9sireux de montrer au monde comment vous ma\u00eetrisez ces domaines, ne cherchez plus, les concours DEVCHAMPION sont faits pour vous. Alors venez : . mettre a l\u2019\u00e9preuve [&hellip;]<\/p>","protected":false},"author":1,"featured_media":0,"parent":0,"menu_order":0,"comment_status":"closed","ping_status":"closed","template":"","meta":{"_monsterinsights_skip_tracking":false,"_monsterinsights_sitenote_active":false,"_monsterinsights_sitenote_note":"","_monsterinsights_sitenote_category":0,"footnotes":""},"class_list":["post-3845","page","type-page","status-publish","hentry"],"aioseo_notices":[],"_links":{"self":[{"href":"https:\/\/thedevchampion.net\/en\/wp-json\/wp\/v2\/pages\/3845","targetHints":{"allow":["GET"]}}],"collection":[{"href":"https:\/\/thedevchampion.net\/en\/wp-json\/wp\/v2\/pages"}],"about":[{"href":"https:\/\/thedevchampion.net\/en\/wp-json\/wp\/v2\/types\/page"}],"author":[{"embeddable":true,"href":"https:\/\/thedevchampion.net\/en\/wp-json\/wp\/v2\/users\/1"}],"replies":[{"embeddable":true,"href":"https:\/\/thedevchampion.net\/en\/wp-json\/wp\/v2\/comments?post=3845"}],"version-history":[{"count":0,"href":"https:\/\/thedevchampion.net\/en\/wp-json\/wp\/v2\/pages\/3845\/revisions"}],"wp:attachment":[{"href":"https:\/\/thedevchampion.net\/en\/wp-json\/wp\/v2\/media?parent=3845"}],"curies":[{"name":"wp","href":"https:\/\/api.w.org\/{rel}","templated":true}]}}