{"id":3823,"date":"2022-04-11T11:27:22","date_gmt":"2022-04-11T11:27:22","guid":{"rendered":"http:\/\/devchampion.aubled.com\/?page_id=3823"},"modified":"2022-06-08T12:49:05","modified_gmt":"2022-06-08T12:49:05","slug":"certification","status":"publish","type":"page","link":"https:\/\/thedevchampion.net\/en\/certification\/","title":{"rendered":"certificate"},"content":{"rendered":"<div data-elementor-type=\"wp-page\" data-elementor-id=\"3823\" class=\"elementor elementor-3823\">\n\t\t\t\t\t\t<section class=\"elementor-section elementor-top-section elementor-element elementor-element-64d9a29 elementor-section-boxed elementor-section-height-default elementor-section-height-default\" data-id=\"64d9a29\" data-element_type=\"section\">\n\t\t\t\t\t\t<div class=\"elementor-container elementor-column-gap-default\">\n\t\t\t\t\t<div class=\"elementor-column elementor-col-100 elementor-top-column elementor-element elementor-element-bf120fe\" data-id=\"bf120fe\" data-element_type=\"column\">\n\t\t\t<div class=\"elementor-widget-wrap elementor-element-populated\">\n\t\t\t\t\t\t<div class=\"elementor-element elementor-element-4dbca1f elementor-widget elementor-widget-heading\" data-id=\"4dbca1f\" data-element_type=\"widget\" data-widget_type=\"heading.default\">\n\t\t\t\t<div class=\"elementor-widget-container\">\n\t\t\t\t\t<h1 class=\"elementor-heading-title elementor-size-default\">Get certified<\/h1>\t\t\t\t<\/div>\n\t\t\t\t<\/div>\n\t\t\t\t<div class=\"elementor-element elementor-element-d75eb79 elementor-widget elementor-widget-text-editor\" data-id=\"d75eb79\" data-element_type=\"widget\" data-widget_type=\"text-editor.default\">\n\t\t\t\t<div class=\"elementor-widget-container\">\n\t\t\t\t\t\t\t\t\t<p><span style=\"color: #7a7a7a;\">Our approved center in Ouagadougou offers TOSA certifications, which are carried out online with our partner Isograd.<\/span><\/p>\t\t\t\t\t\t\t\t<\/div>\n\t\t\t\t<\/div>\n\t\t\t\t\t<\/div>\n\t\t<\/div>\n\t\t\t\t\t<\/div>\n\t\t<\/section>\n\t\t\t\t<section class=\"elementor-section elementor-top-section elementor-element elementor-element-4135fab elementor-section-boxed elementor-section-height-default elementor-section-height-default\" data-id=\"4135fab\" data-element_type=\"section\">\n\t\t\t\t\t\t<div class=\"elementor-container elementor-column-gap-default\">\n\t\t\t\t\t<div class=\"elementor-column elementor-col-100 elementor-top-column elementor-element elementor-element-9c5163e\" data-id=\"9c5163e\" data-element_type=\"column\">\n\t\t\t<div class=\"elementor-widget-wrap\">\n\t\t\t\t\t\t\t<\/div>\n\t\t<\/div>\n\t\t\t\t\t<\/div>\n\t\t<\/section>\n\t\t\t\t<section class=\"elementor-section elementor-top-section elementor-element elementor-element-445337a elementor-section-boxed elementor-section-height-default elementor-section-height-default\" data-id=\"445337a\" data-element_type=\"section\">\n\t\t\t\t\t\t<div class=\"elementor-container elementor-column-gap-default\">\n\t\t\t\t\t<div class=\"elementor-column elementor-col-50 elementor-top-column elementor-element elementor-element-2e6d5cd\" data-id=\"2e6d5cd\" data-element_type=\"column\">\n\t\t\t<div class=\"elementor-widget-wrap elementor-element-populated\">\n\t\t\t\t\t\t<div class=\"elementor-element elementor-element-744e7b4 elementor-widget elementor-widget-text-editor\" data-id=\"744e7b4\" data-element_type=\"widget\" data-widget_type=\"text-editor.default\">\n\t\t\t\t<div class=\"elementor-widget-container\">\n\t\t\t\t\t\t\t\t\t<p>\u00a0<\/p><p>\u00a0<\/p>\t\t\t\t\t\t\t\t<\/div>\n\t\t\t\t<\/div>\n\t\t\t\t<div class=\"elementor-element elementor-element-d47be18 elementor-widget elementor-widget-image\" data-id=\"d47be18\" data-element_type=\"widget\" data-widget_type=\"image.default\">\n\t\t\t\t<div class=\"elementor-widget-container\">\n\t\t\t\t\t\t\t\t\t\t\t\t\t\t\t<img fetchpriority=\"high\" decoding=\"async\" width=\"300\" height=\"185\" src=\"https:\/\/thedevchampion.net\/wp-content\/uploads\/2022\/05\/Capture-decran-du-2022-05-09-23-21-33-300x185.png\" class=\"attachment-medium size-medium wp-image-5809\" alt=\"\" srcset=\"https:\/\/thedevchampion.net\/wp-content\/uploads\/2022\/05\/Capture-decran-du-2022-05-09-23-21-33-300x185.png 300w, https:\/\/thedevchampion.net\/wp-content\/uploads\/2022\/05\/Capture-decran-du-2022-05-09-23-21-33-600x369.png 600w, https:\/\/thedevchampion.net\/wp-content\/uploads\/2022\/05\/Capture-decran-du-2022-05-09-23-21-33-1024x630.png 1024w, https:\/\/thedevchampion.net\/wp-content\/uploads\/2022\/05\/Capture-decran-du-2022-05-09-23-21-33-768x472.png 768w, https:\/\/thedevchampion.net\/wp-content\/uploads\/2022\/05\/Capture-decran-du-2022-05-09-23-21-33-18x12.png 18w, https:\/\/thedevchampion.net\/wp-content\/uploads\/2022\/05\/Capture-decran-du-2022-05-09-23-21-33.png 1190w\" sizes=\"(max-width: 300px) 100vw, 300px\" \/>\t\t\t\t\t\t\t\t\t\t\t\t\t\t\t<\/div>\n\t\t\t\t<\/div>\n\t\t\t\t\t<\/div>\n\t\t<\/div>\n\t\t\t\t<div class=\"elementor-column elementor-col-50 elementor-top-column elementor-element elementor-element-01fcb47\" data-id=\"01fcb47\" data-element_type=\"column\">\n\t\t\t<div class=\"elementor-widget-wrap elementor-element-populated\">\n\t\t\t\t\t\t<div class=\"elementor-element elementor-element-6745b33 elementor-widget elementor-widget-heading\" data-id=\"6745b33\" data-element_type=\"widget\" data-widget_type=\"heading.default\">\n\t\t\t\t<div class=\"elementor-widget-container\">\n\t\t\t\t\t<h2 class=\"elementor-heading-title elementor-size-default\">Why Obtain TOSA\u00ae Certification?<\/h2>\t\t\t\t<\/div>\n\t\t\t\t<\/div>\n\t\t\t\t<div class=\"elementor-element elementor-element-8469b63 elementor-widget elementor-widget-text-editor\" data-id=\"8469b63\" data-element_type=\"widget\" data-widget_type=\"text-editor.default\">\n\t\t\t\t<div class=\"elementor-widget-container\">\n\t\t\t\t\t\t\t\t\t<p><span style=\"color: #7a7a7a;\">La certification TOSA, Test On Software Applications, est le premier standard international d\u2019\u00e9valuation et de certification qui atteste des comp\u00e9tences informatiques et bureautiques des utilisateurs. Elle s&#8217;adresse aux salari\u00e9s, \u00e9tudiants et demandeurs d&#8217;emploi qui souhaitent valoriser, entre autres, leur niveau de ma\u00eetris\u00e9 des logiciels Excel,\u00a0 Word, PowerPoint, Outlook, Photoshop, InDesign ou Illustrator.<\/span><\/p><p><span style=\"color: #7a7a7a;\">The TOSA certification delivers a score out of 1000 which can be displayed on CVs or professional social networks.<\/span><\/p>\t\t\t\t\t\t\t\t<\/div>\n\t\t\t\t<\/div>\n\t\t\t\t\t<\/div>\n\t\t<\/div>\n\t\t\t\t\t<\/div>\n\t\t<\/section>\n\t\t\t\t<section class=\"elementor-section elementor-top-section elementor-element elementor-element-75b6f65 elementor-section-boxed elementor-section-height-default elementor-section-height-default\" data-id=\"75b6f65\" data-element_type=\"section\">\n\t\t\t\t\t\t<div class=\"elementor-container elementor-column-gap-default\">\n\t\t\t\t\t<div class=\"elementor-column elementor-col-100 elementor-top-column elementor-element elementor-element-6bd25c2\" data-id=\"6bd25c2\" data-element_type=\"column\">\n\t\t\t<div class=\"elementor-widget-wrap\">\n\t\t\t\t\t\t\t<\/div>\n\t\t<\/div>\n\t\t\t\t\t<\/div>\n\t\t<\/section>\n\t\t\t\t<section class=\"elementor-section elementor-top-section elementor-element elementor-element-40b6088 elementor-section-boxed elementor-section-height-default elementor-section-height-default\" data-id=\"40b6088\" data-element_type=\"section\">\n\t\t\t\t\t\t<div class=\"elementor-container elementor-column-gap-default\">\n\t\t\t\t\t<div class=\"elementor-column elementor-col-50 elementor-top-column elementor-element elementor-element-8113eb3\" data-id=\"8113eb3\" data-element_type=\"column\">\n\t\t\t<div class=\"elementor-widget-wrap elementor-element-populated\">\n\t\t\t\t\t\t<div class=\"elementor-element elementor-element-40bd08b elementor-widget elementor-widget-image\" data-id=\"40bd08b\" data-element_type=\"widget\" data-widget_type=\"image.default\">\n\t\t\t\t<div class=\"elementor-widget-container\">\n\t\t\t\t\t\t\t\t\t\t\t\t\t\t\t<img decoding=\"async\" width=\"640\" height=\"640\" src=\"https:\/\/thedevchampion.net\/wp-content\/uploads\/2022\/04\/5035108-1024x1024.jpg\" class=\"attachment-large size-large wp-image-3932\" alt=\"\" srcset=\"https:\/\/thedevchampion.net\/wp-content\/uploads\/2022\/04\/5035108-1024x1024.jpg 1024w, https:\/\/thedevchampion.net\/wp-content\/uploads\/2022\/04\/5035108-300x300.jpg 300w, https:\/\/thedevchampion.net\/wp-content\/uploads\/2022\/04\/5035108-100x100.jpg 100w, https:\/\/thedevchampion.net\/wp-content\/uploads\/2022\/04\/5035108-600x600.jpg 600w, https:\/\/thedevchampion.net\/wp-content\/uploads\/2022\/04\/5035108-150x150.jpg 150w, https:\/\/thedevchampion.net\/wp-content\/uploads\/2022\/04\/5035108-768x768.jpg 768w, https:\/\/thedevchampion.net\/wp-content\/uploads\/2022\/04\/5035108-1536x1536.jpg 1536w, https:\/\/thedevchampion.net\/wp-content\/uploads\/2022\/04\/5035108-400x400.jpg 400w, https:\/\/thedevchampion.net\/wp-content\/uploads\/2022\/04\/5035108-200x200.jpg 200w, https:\/\/thedevchampion.net\/wp-content\/uploads\/2022\/04\/5035108-115x115.jpg 115w, https:\/\/thedevchampion.net\/wp-content\/uploads\/2022\/04\/5035108-80x80.jpg 80w, https:\/\/thedevchampion.net\/wp-content\/uploads\/2022\/04\/5035108-32x32.jpg 32w, https:\/\/thedevchampion.net\/wp-content\/uploads\/2022\/04\/5035108.jpg 2000w\" sizes=\"(max-width: 640px) 100vw, 640px\" \/>\t\t\t\t\t\t\t\t\t\t\t\t\t\t\t<\/div>\n\t\t\t\t<\/div>\n\t\t\t\t\t<\/div>\n\t\t<\/div>\n\t\t\t\t<div class=\"elementor-column elementor-col-50 elementor-top-column elementor-element elementor-element-b602725\" data-id=\"b602725\" data-element_type=\"column\">\n\t\t\t<div class=\"elementor-widget-wrap elementor-element-populated\">\n\t\t\t\t\t\t<div class=\"elementor-element elementor-element-971d865 elementor-widget elementor-widget-heading\" data-id=\"971d865\" data-element_type=\"widget\" data-widget_type=\"heading.default\">\n\t\t\t\t<div class=\"elementor-widget-container\">\n\t\t\t\t\t<h2 class=\"elementor-heading-title elementor-size-default\">How to pass the TOSA certification ?<\/h2>\t\t\t\t<\/div>\n\t\t\t\t<\/div>\n\t\t\t\t<div class=\"elementor-element elementor-element-dc96776 elementor-widget elementor-widget-text-editor\" data-id=\"dc96776\" data-element_type=\"widget\" data-widget_type=\"text-editor.default\">\n\t\t\t\t<div class=\"elementor-widget-container\">\n\t\t\t\t\t\t\t\t\t<p><span style=\"color: #7a7a7a;\">Le passage de la certification TOSA repose sur un test adaptatif et une m\u00e9thodologie de scoring qui permet d\u2019\u00e9valuer le niveau de l\u2019utilisateur, de d\u00e9butant a expert. L&#8217;examen est surveille et se d\u00e9roule dans nos locaux a Ouagadougou.<\/span><\/p>\t\t\t\t\t\t\t\t<\/div>\n\t\t\t\t<\/div>\n\t\t\t\t<div class=\"elementor-element elementor-element-e0123a6 elementor-widget elementor-widget-text-editor\" data-id=\"e0123a6\" data-element_type=\"widget\" data-widget_type=\"text-editor.default\">\n\t\t\t\t<div class=\"elementor-widget-container\">\n\t\t\t\t\t\t\t\t\t<p>\u00a0<\/p><p>\u00a0<\/p>\t\t\t\t\t\t\t\t<\/div>\n\t\t\t\t<\/div>\n\t\t\t\t\t<\/div>\n\t\t<\/div>\n\t\t\t\t\t<\/div>\n\t\t<\/section>\n\t\t\t\t<section class=\"elementor-section elementor-top-section elementor-element elementor-element-077e898 elementor-section-boxed elementor-section-height-default elementor-section-height-default\" data-id=\"077e898\" data-element_type=\"section\">\n\t\t\t\t\t\t<div class=\"elementor-container elementor-column-gap-default\">\n\t\t\t\t\t<div class=\"elementor-column elementor-col-33 elementor-top-column elementor-element elementor-element-36ea3e2\" data-id=\"36ea3e2\" data-element_type=\"column\">\n\t\t\t<div class=\"elementor-widget-wrap elementor-element-populated\">\n\t\t\t\t\t\t<div class=\"elementor-element elementor-element-92039b0 elementor-view-default elementor-widget elementor-widget-icon\" data-id=\"92039b0\" data-element_type=\"widget\" data-widget_type=\"icon.default\">\n\t\t\t\t<div class=\"elementor-widget-container\">\n\t\t\t\t\t\t\t<div class=\"elementor-icon-wrapper\">\n\t\t\t<div class=\"elementor-icon\">\n\t\t\t<i aria-hidden=\"true\" class=\"fas fa-user-edit\"><\/i>\t\t\t<\/div>\n\t\t<\/div>\n\t\t\t\t\t\t<\/div>\n\t\t\t\t<\/div>\n\t\t\t\t<div class=\"elementor-element elementor-element-484a4d0 elementor-widget elementor-widget-heading\" data-id=\"484a4d0\" data-element_type=\"widget\" data-widget_type=\"heading.default\">\n\t\t\t\t<div class=\"elementor-widget-container\">\n\t\t\t\t\t<h5 class=\"elementor-heading-title elementor-size-default\">1. Le positionnement du candidat<\/h5>\t\t\t\t<\/div>\n\t\t\t\t<\/div>\n\t\t\t\t<div class=\"elementor-element elementor-element-4d45fba elementor-widget elementor-widget-text-editor\" data-id=\"4d45fba\" data-element_type=\"widget\" data-widget_type=\"text-editor.default\">\n\t\t\t\t<div class=\"elementor-widget-container\">\n\t\t\t\t\t\t\t\t\t<p><span style=\"color: #7a7a7a;\">Le niveau initial du candidat est \u00e9valu\u00e9 gr\u00e2ce a un test adaptatif de 25 questions par logiciel. Ce test repose sur un QCM et des exercices pratiques selon une cartographie d\u00e9taill\u00e9e des comp\u00e9tences compar\u00e9es aux objectifs\/m\u00e9tier. Le positionnement se fait sur 5 niveaux.\u00a0<\/span><\/p>\t\t\t\t\t\t\t\t<\/div>\n\t\t\t\t<\/div>\n\t\t\t\t\t<\/div>\n\t\t<\/div>\n\t\t\t\t<div class=\"elementor-column elementor-col-33 elementor-top-column elementor-element elementor-element-f81a679\" data-id=\"f81a679\" data-element_type=\"column\">\n\t\t\t<div class=\"elementor-widget-wrap elementor-element-populated\">\n\t\t\t\t\t\t<div class=\"elementor-element elementor-element-ad6b67f elementor-view-default elementor-widget elementor-widget-icon\" data-id=\"ad6b67f\" data-element_type=\"widget\" data-widget_type=\"icon.default\">\n\t\t\t\t<div class=\"elementor-widget-container\">\n\t\t\t\t\t\t\t<div class=\"elementor-icon-wrapper\">\n\t\t\t<div class=\"elementor-icon\">\n\t\t\t<i aria-hidden=\"true\" class=\"fas fa-user-graduate\"><\/i>\t\t\t<\/div>\n\t\t<\/div>\n\t\t\t\t\t\t<\/div>\n\t\t\t\t<\/div>\n\t\t\t\t<div class=\"elementor-element elementor-element-272dafd elementor-widget elementor-widget-heading\" data-id=\"272dafd\" data-element_type=\"widget\" data-widget_type=\"heading.default\">\n\t\t\t\t<div class=\"elementor-widget-container\">\n\t\t\t\t\t<h5 class=\"elementor-heading-title elementor-size-default\">2. La formation du candidat<\/h5>\t\t\t\t<\/div>\n\t\t\t\t<\/div>\n\t\t\t\t<div class=\"elementor-element elementor-element-cce1511 elementor-widget elementor-widget-text-editor\" data-id=\"cce1511\" data-element_type=\"widget\" data-widget_type=\"text-editor.default\">\n\t\t\t\t<div class=\"elementor-widget-container\">\n\t\t\t\t\t\t\t\t\t<p><span style=\"color: #7a7a7a;\">Selon les attentes et le projet de la formation du candidat, nous pouvons proposer de nombreux programmes ponctu\u00e9s par la certification TOSA Desktop, TOSA Digital ou TOSA CODE et bient\u00f4t une certification Cybersecurit\u00e9.<\/span><\/p>\t\t\t\t\t\t\t\t<\/div>\n\t\t\t\t<\/div>\n\t\t\t\t\t<\/div>\n\t\t<\/div>\n\t\t\t\t<div class=\"elementor-column elementor-col-33 elementor-top-column elementor-element elementor-element-0df3c78\" data-id=\"0df3c78\" data-element_type=\"column\">\n\t\t\t<div class=\"elementor-widget-wrap elementor-element-populated\">\n\t\t\t\t\t\t<div class=\"elementor-element elementor-element-634581d elementor-view-default elementor-widget elementor-widget-icon\" data-id=\"634581d\" data-element_type=\"widget\" data-widget_type=\"icon.default\">\n\t\t\t\t<div class=\"elementor-widget-container\">\n\t\t\t\t\t\t\t<div class=\"elementor-icon-wrapper\">\n\t\t\t<div class=\"elementor-icon\">\n\t\t\t<i aria-hidden=\"true\" class=\"fas fa-user-shield\"><\/i>\t\t\t<\/div>\n\t\t<\/div>\n\t\t\t\t\t\t<\/div>\n\t\t\t\t<\/div>\n\t\t\t\t<div class=\"elementor-element elementor-element-53cb054 elementor-widget elementor-widget-heading\" data-id=\"53cb054\" data-element_type=\"widget\" data-widget_type=\"heading.default\">\n\t\t\t\t<div class=\"elementor-widget-container\">\n\t\t\t\t\t<h5 class=\"elementor-heading-title elementor-size-default\">3. La certification du candidat<\/h5>\t\t\t\t<\/div>\n\t\t\t\t<\/div>\n\t\t\t\t<div class=\"elementor-element elementor-element-a87b6d7 elementor-widget elementor-widget-text-editor\" data-id=\"a87b6d7\" data-element_type=\"widget\" data-widget_type=\"text-editor.default\">\n\t\t\t\t<div class=\"elementor-widget-container\">\n\t\t\t\t\t\t\t\t\t<p><span style=\"color: #7a7a7a;\">L&#8217;examen surveill\u00e9 d\u00e9livre un score sur 1000 v\u00e9rifiable en ligne. Le certificat est envoy\u00e9 par mail et est valable 2 ans.<\/span><\/p>\t\t\t\t\t\t\t\t<\/div>\n\t\t\t\t<\/div>\n\t\t\t\t\t<\/div>\n\t\t<\/div>\n\t\t\t\t\t<\/div>\n\t\t<\/section>\n\t\t\t\t<section class=\"elementor-section elementor-top-section elementor-element elementor-element-4c11f8c elementor-section-boxed elementor-section-height-default elementor-section-height-default\" data-id=\"4c11f8c\" data-element_type=\"section\">\n\t\t\t\t\t\t<div class=\"elementor-container elementor-column-gap-default\">\n\t\t\t\t\t<div class=\"elementor-column elementor-col-100 elementor-top-column elementor-element elementor-element-ee2f605\" data-id=\"ee2f605\" data-element_type=\"column\">\n\t\t\t<div class=\"elementor-widget-wrap elementor-element-populated\">\n\t\t\t\t\t\t<div class=\"elementor-element elementor-element-c720354 elementor-widget elementor-widget-heading\" data-id=\"c720354\" data-element_type=\"widget\" data-widget_type=\"heading.default\">\n\t\t\t\t<div class=\"elementor-widget-container\">\n\t\t\t\t\t<h2 class=\"elementor-heading-title elementor-size-default\">Certifications available<\/h2>\t\t\t\t<\/div>\n\t\t\t\t<\/div>\n\t\t\t\t\t<\/div>\n\t\t<\/div>\n\t\t\t\t\t<\/div>\n\t\t<\/section>\n\t\t\t\t<section class=\"elementor-section elementor-top-section elementor-element elementor-element-f81f120 elementor-section-boxed elementor-section-height-default elementor-section-height-default\" data-id=\"f81f120\" data-element_type=\"section\">\n\t\t\t\t\t\t<div class=\"elementor-container elementor-column-gap-default\">\n\t\t\t\t\t<div class=\"elementor-column elementor-col-50 elementor-top-column elementor-element elementor-element-a6f7397\" data-id=\"a6f7397\" data-element_type=\"column\">\n\t\t\t<div class=\"elementor-widget-wrap elementor-element-populated\">\n\t\t\t\t\t\t<div class=\"elementor-element elementor-element-d946cd5 elementor-widget elementor-widget-text-editor\" data-id=\"d946cd5\" data-element_type=\"widget\" data-widget_type=\"text-editor.default\">\n\t\t\t\t<div class=\"elementor-widget-container\">\n\t\t\t\t\t\t\t\t\t<p><strong><span style=\"font-family: Calibri, sans-serif; color: #000000;\"><span style=\"font-size: medium;\">TOSA Office automation<\/span><\/span><\/strong><\/p><ul><li><p><span style=\"font-family: Calibri, sans-serif; color: #7a7a7a;\"><span style=\"font-size: medium;\">Excel<\/span><\/span><\/p><\/li><li><p><span style=\"font-family: Calibri, sans-serif; color: #7a7a7a;\"><span style=\"font-size: medium;\">Word<\/span><\/span><\/p><\/li><li><p><span style=\"font-family: Calibri, sans-serif; color: #7a7a7a;\"><span style=\"font-size: medium;\">Power point<\/span><\/span><\/p><\/li><li><p><span style=\"font-family: Calibri, sans-serif; color: #7a7a7a;\"><span style=\"font-size: medium;\">Outlook<\/span><\/span><\/p><\/li><li><p><span style=\"font-family: Calibri, sans-serif; color: #7a7a7a;\"><span style=\"font-size: medium;\">VBA<\/span><\/span><\/p><\/li><li><p><span style=\"font-family: Calibri, sans-serif; color: #7a7a7a;\"><span style=\"font-size: medium;\">Access<\/span><\/span><\/p><\/li><li><p><span style=\"font-family: Calibri, sans-serif; color: #7a7a7a;\"><span style=\"font-size: medium;\">Calc<\/span><\/span><\/p><\/li><li><p><span style=\"font-family: Calibri, sans-serif; color: #7a7a7a;\"><span style=\"font-size: medium;\">Writer<\/span><\/span><\/p><\/li><li><p><span style=\"font-family: Calibri, sans-serif; color: #7a7a7a;\"><span style=\"font-size: medium;\">Print<\/span><\/span><\/p><\/li><\/ul>\t\t\t\t\t\t\t\t<\/div>\n\t\t\t\t<\/div>\n\t\t\t\t\t<\/div>\n\t\t<\/div>\n\t\t\t\t<div class=\"elementor-column elementor-col-50 elementor-top-column elementor-element elementor-element-236110f\" data-id=\"236110f\" data-element_type=\"column\">\n\t\t\t<div class=\"elementor-widget-wrap elementor-element-populated\">\n\t\t\t\t\t\t<div class=\"elementor-element elementor-element-8f1b225 elementor-widget elementor-widget-text-editor\" data-id=\"8f1b225\" data-element_type=\"widget\" data-widget_type=\"text-editor.default\">\n\t\t\t\t<div class=\"elementor-widget-container\">\n\t\t\t\t\t\t\t\t\t<p><strong><span style=\"font-family: Calibri, sans-serif; color: #000000;\"><span style=\"font-size: medium;\">TOSA Digital<\/span><\/span><\/strong><\/p><ul><li><p><span style=\"font-family: Calibri, sans-serif; color: #7a7a7a;\"><span style=\"font-size: medium;\">DigComp<\/span><\/span><\/p><\/li><li><p><span style=\"font-family: Calibri, sans-serif; color: #7a7a7a;\"><span style=\"font-size: medium;\">Photoshop<\/span><\/span><\/p><\/li><li><p><span style=\"font-family: Calibri, sans-serif; color: #7a7a7a;\"><span style=\"font-size: medium;\">Indesign<\/span><\/span><\/p><\/li><li><p><span style=\"font-family: Calibri, sans-serif; color: #7a7a7a;\"><span style=\"font-size: medium;\">Illustrator<\/span><\/span><\/p><\/li><li><p><span style=\"font-family: Calibri, sans-serif; color: #7a7a7a;\"><span style=\"font-size: medium;\">Autocad<\/span><\/span><\/p><\/li><li><p><span style=\"font-family: Calibri, sans-serif; color: #7a7a7a;\"><span style=\"font-size: medium;\">WordPress<\/span><\/span><\/p><\/li><\/ul><p><strong><span style=\"font-family: Calibri, sans-serif; color: #000000;\"><span style=\"font-size: medium;\">And soon<\/span><\/span><\/strong><\/p><p><span style=\"font-family: Calibri, sans-serif; color: #7a7a7a;\"><span style=\"font-size: medium;\"> TOSA Code<\/span><\/span><\/p><p><span style=\"font-family: Calibri, sans-serif; color: #7a7a7a;\"><span style=\"font-size: medium;\">PHP<\/span><\/span><\/p><p><span style=\"font-family: Calibri, sans-serif; color: #7a7a7a;\"><span style=\"font-size: medium;\">PYTHON<\/span><\/span><\/p>\t\t\t\t\t\t\t\t<\/div>\n\t\t\t\t<\/div>\n\t\t\t\t\t<\/div>\n\t\t<\/div>\n\t\t\t\t\t<\/div>\n\t\t<\/section>\n\t\t\t\t<\/div>","protected":false},"excerpt":{"rendered":"<p>Se certifier Notre centre agr\u00e9e de Ouagadougou propose des certifications TOSA, qui sont r\u00e9alis\u00e9es en ligne avec notre partenaire Isograd. \u00a0 \u00a0 Pourquoi obtenir la certification TOSA\u00ae ? La certification TOSA, Test On Software Applications, est le premier standard international d\u2019\u00e9valuation et de certification qui atteste des comp\u00e9tences informatiques et bureautiques des utilisateurs. Elle s&#8217;adresse [&hellip;]<\/p>","protected":false},"author":1,"featured_media":0,"parent":0,"menu_order":0,"comment_status":"closed","ping_status":"closed","template":"","meta":{"_monsterinsights_skip_tracking":false,"_monsterinsights_sitenote_active":false,"_monsterinsights_sitenote_note":"","_monsterinsights_sitenote_category":0,"footnotes":""},"class_list":["post-3823","page","type-page","status-publish","hentry"],"aioseo_notices":[],"_links":{"self":[{"href":"https:\/\/thedevchampion.net\/en\/wp-json\/wp\/v2\/pages\/3823","targetHints":{"allow":["GET"]}}],"collection":[{"href":"https:\/\/thedevchampion.net\/en\/wp-json\/wp\/v2\/pages"}],"about":[{"href":"https:\/\/thedevchampion.net\/en\/wp-json\/wp\/v2\/types\/page"}],"author":[{"embeddable":true,"href":"https:\/\/thedevchampion.net\/en\/wp-json\/wp\/v2\/users\/1"}],"replies":[{"embeddable":true,"href":"https:\/\/thedevchampion.net\/en\/wp-json\/wp\/v2\/comments?post=3823"}],"version-history":[{"count":0,"href":"https:\/\/thedevchampion.net\/en\/wp-json\/wp\/v2\/pages\/3823\/revisions"}],"wp:attachment":[{"href":"https:\/\/thedevchampion.net\/en\/wp-json\/wp\/v2\/media?parent=3823"}],"curies":[{"name":"wp","href":"https:\/\/api.w.org\/{rel}","templated":true}]}}