{"id":3818,"date":"2022-04-11T11:26:14","date_gmt":"2022-04-11T11:26:14","guid":{"rendered":"http:\/\/devchampion.aubled.com\/?page_id=3818"},"modified":"2022-06-08T11:44:13","modified_gmt":"2022-06-08T11:44:13","slug":"academie","status":"publish","type":"page","link":"https:\/\/thedevchampion.net\/en\/academie\/","title":{"rendered":"Academy"},"content":{"rendered":"<div data-elementor-type=\"wp-page\" data-elementor-id=\"3818\" class=\"elementor elementor-3818\">\n\t\t\t\t\t\t<section class=\"elementor-section elementor-top-section elementor-element elementor-element-79658fb elementor-section-boxed elementor-section-height-default elementor-section-height-default\" data-id=\"79658fb\" data-element_type=\"section\">\n\t\t\t\t\t\t<div class=\"elementor-container elementor-column-gap-default\">\n\t\t\t\t\t<div class=\"elementor-column elementor-col-100 elementor-top-column elementor-element elementor-element-a018192\" data-id=\"a018192\" data-element_type=\"column\">\n\t\t\t<div class=\"elementor-widget-wrap elementor-element-populated\">\n\t\t\t\t\t\t<div class=\"elementor-element elementor-element-f12f8cd elementor-widget elementor-widget-heading\" data-id=\"f12f8cd\" data-element_type=\"widget\" data-widget_type=\"heading.default\">\n\t\t\t\t<div class=\"elementor-widget-container\">\n\t\t\t\t\t<h1 class=\"elementor-heading-title elementor-size-default\">Academy<\/h1>\t\t\t\t<\/div>\n\t\t\t\t<\/div>\n\t\t\t\t\t<\/div>\n\t\t<\/div>\n\t\t\t\t\t<\/div>\n\t\t<\/section>\n\t\t\t\t<section class=\"elementor-section elementor-top-section elementor-element elementor-element-902ce77 elementor-section-boxed elementor-section-height-default elementor-section-height-default\" data-id=\"902ce77\" data-element_type=\"section\">\n\t\t\t\t\t\t<div class=\"elementor-container elementor-column-gap-default\">\n\t\t\t\t\t<div class=\"elementor-column elementor-col-50 elementor-top-column elementor-element elementor-element-389bd7f\" data-id=\"389bd7f\" data-element_type=\"column\">\n\t\t\t<div class=\"elementor-widget-wrap elementor-element-populated\">\n\t\t\t\t\t\t<div class=\"elementor-element elementor-element-ea952ef elementor-widget elementor-widget-image\" data-id=\"ea952ef\" data-element_type=\"widget\" data-widget_type=\"image.default\">\n\t\t\t\t<div class=\"elementor-widget-container\">\n\t\t\t\t\t\t\t\t\t\t\t\t\t\t\t<img fetchpriority=\"high\" decoding=\"async\" width=\"640\" height=\"407\" src=\"https:\/\/thedevchampion.net\/wp-content\/uploads\/2022\/05\/Capture-decran-du-2022-05-09-14-33-31.png\" class=\"attachment-large size-large wp-image-5697\" alt=\"\" srcset=\"https:\/\/thedevchampion.net\/wp-content\/uploads\/2022\/05\/Capture-decran-du-2022-05-09-14-33-31.png 872w, https:\/\/thedevchampion.net\/wp-content\/uploads\/2022\/05\/Capture-decran-du-2022-05-09-14-33-31-600x382.png 600w, https:\/\/thedevchampion.net\/wp-content\/uploads\/2022\/05\/Capture-decran-du-2022-05-09-14-33-31-300x191.png 300w, https:\/\/thedevchampion.net\/wp-content\/uploads\/2022\/05\/Capture-decran-du-2022-05-09-14-33-31-768x489.png 768w, https:\/\/thedevchampion.net\/wp-content\/uploads\/2022\/05\/Capture-decran-du-2022-05-09-14-33-31-18x12.png 18w\" sizes=\"(max-width: 640px) 100vw, 640px\" \/>\t\t\t\t\t\t\t\t\t\t\t\t\t\t\t<\/div>\n\t\t\t\t<\/div>\n\t\t\t\t\t<\/div>\n\t\t<\/div>\n\t\t\t\t<div class=\"elementor-column elementor-col-50 elementor-top-column elementor-element elementor-element-6025af9\" data-id=\"6025af9\" data-element_type=\"column\">\n\t\t\t<div class=\"elementor-widget-wrap elementor-element-populated\">\n\t\t\t\t\t\t<div class=\"elementor-element elementor-element-5186d0b elementor-widget elementor-widget-text-editor\" data-id=\"5186d0b\" data-element_type=\"widget\" data-widget_type=\"text-editor.default\">\n\t\t\t\t<div class=\"elementor-widget-container\">\n\t\t\t\t\t\t\t\t\t<p><span style=\"color: #7a7a7a;\">With a community of young developers of more than 1,000 members from + 20 West and Central Africa, DEVCHAMPION Academy aims to strengthen their capacities to increase their employability on our platform or for their own account.<\/span><\/p><p><span style=\"color: #7a7a7a;\">To do this, we offer our members online resources for self-training and projects to train on practical cases from the business world. Mentors who are senior developers, share their knowledge and tips through interest group coaching sessions.<\/span><\/p><p>\u00a0<\/p>\t\t\t\t\t\t\t\t<\/div>\n\t\t\t\t<\/div>\n\t\t\t\t\t<\/div>\n\t\t<\/div>\n\t\t\t\t\t<\/div>\n\t\t<\/section>\n\t\t\t\t<section class=\"elementor-section elementor-top-section elementor-element elementor-element-7782c37 elementor-section-boxed elementor-section-height-default elementor-section-height-default\" data-id=\"7782c37\" data-element_type=\"section\">\n\t\t\t\t\t\t<div class=\"elementor-container elementor-column-gap-default\">\n\t\t\t\t\t<div class=\"elementor-column elementor-col-100 elementor-top-column elementor-element elementor-element-8a7afa9\" data-id=\"8a7afa9\" data-element_type=\"column\">\n\t\t\t<div class=\"elementor-widget-wrap elementor-element-populated\">\n\t\t\t\t\t\t<div class=\"elementor-element elementor-element-6e34d65 elementor-widget elementor-widget-text-editor\" data-id=\"6e34d65\" data-element_type=\"widget\" data-widget_type=\"text-editor.default\">\n\t\t\t\t<div class=\"elementor-widget-container\">\n\t\t\t\t\t\t\t\t\t<p><span style=\"color: #7a7a7a;\">The training courses covered revolve around the themes:<\/span><\/p><ul><li><p><span style=\"color: #7a7a7a;\">Frontend Development<\/span><\/p><\/li><li><p><span style=\"color: #7a7a7a;\">Back-end Development<\/span><\/p><\/li><li><p><span style=\"color: #7a7a7a;\">Mobile development<\/span><\/p><\/li><li><p><span style=\"color: #7a7a7a;\">Product design (UI\/UX)<\/span><\/p><\/li><\/ul><p><span style=\"background-color: var(--bs-body-bg); text-align: var(--bs-body-text-align); color: #7a7a7a;\">You are IT specialists and you want to pursue a career <\/span><span style=\"background-color: var(--bs-body-bg); text-align: var(--bs-body-text-align); color: #7a7a7a;\">in <\/span><span style=\"background-color: var(--bs-body-bg); text-align: var(--bs-body-text-align); color: #7a7a7a;\">d\u00e9veloppement informatique, alors rejoignez la DEVCHAMPION ACADEMIE<\/span><\/p>\t\t\t\t\t\t\t\t<\/div>\n\t\t\t\t<\/div>\n\t\t\t\t<div class=\"elementor-element elementor-element-757c368 elementor-widget elementor-widget-heading\" data-id=\"757c368\" data-element_type=\"widget\" data-widget_type=\"heading.default\">\n\t\t\t\t<div class=\"elementor-widget-container\">\n\t\t\t\t\t<h6 class=\"elementor-heading-title elementor-size-default\"><a href=\"http:\/\/devchampion.aubled.com\/profil-developpeurs\/\">Rejoindre &gt;&gt;<\/a><\/h6>\t\t\t\t<\/div>\n\t\t\t\t<\/div>\n\t\t\t\t\t<\/div>\n\t\t<\/div>\n\t\t\t\t\t<\/div>\n\t\t<\/section>\n\t\t\t\t<\/div>","protected":false},"excerpt":{"rendered":"<p>Acad\u00e9mie Fort d\u2019une communaut\u00e9 de jeunes d\u00e9veloppeurs de plus de 1 000 membres issus de + 20 d\u2019Afrique de l\u2019Ouest et du Centre, DEVCHAMPION Acad\u00e9mie a pour ambition de renforcer leurs capacit\u00e9s pour augmenter leur, employabilit\u00e9 sur notre plateforme ou pour leur propre compte. Pour cela, nous proposons \u00e0 nos membres des ressources en lignes [&hellip;]<\/p>","protected":false},"author":1,"featured_media":0,"parent":0,"menu_order":0,"comment_status":"closed","ping_status":"closed","template":"","meta":{"_monsterinsights_skip_tracking":false,"_monsterinsights_sitenote_active":false,"_monsterinsights_sitenote_note":"","_monsterinsights_sitenote_category":0,"footnotes":""},"class_list":["post-3818","page","type-page","status-publish","hentry"],"aioseo_notices":[],"_links":{"self":[{"href":"https:\/\/thedevchampion.net\/en\/wp-json\/wp\/v2\/pages\/3818","targetHints":{"allow":["GET"]}}],"collection":[{"href":"https:\/\/thedevchampion.net\/en\/wp-json\/wp\/v2\/pages"}],"about":[{"href":"https:\/\/thedevchampion.net\/en\/wp-json\/wp\/v2\/types\/page"}],"author":[{"embeddable":true,"href":"https:\/\/thedevchampion.net\/en\/wp-json\/wp\/v2\/users\/1"}],"replies":[{"embeddable":true,"href":"https:\/\/thedevchampion.net\/en\/wp-json\/wp\/v2\/comments?post=3818"}],"version-history":[{"count":0,"href":"https:\/\/thedevchampion.net\/en\/wp-json\/wp\/v2\/pages\/3818\/revisions"}],"wp:attachment":[{"href":"https:\/\/thedevchampion.net\/en\/wp-json\/wp\/v2\/media?parent=3818"}],"curies":[{"name":"wp","href":"https:\/\/api.w.org\/{rel}","templated":true}]}}