{"id":3816,"date":"2022-04-11T11:25:53","date_gmt":"2022-04-11T11:25:53","guid":{"rendered":"http:\/\/devchampion.aubled.com\/?page_id=3816"},"modified":"2022-05-11T14:39:37","modified_gmt":"2022-05-11T14:39:37","slug":"devenir-pro","status":"publish","type":"page","link":"https:\/\/thedevchampion.net\/en\/devenir-pro\/","title":{"rendered":"Become PRO"},"content":{"rendered":"<div data-elementor-type=\"wp-page\" data-elementor-id=\"3816\" class=\"elementor elementor-3816\">\n\t\t\t\t\t\t<section class=\"elementor-section elementor-top-section elementor-element elementor-element-42bba44 elementor-section-boxed elementor-section-height-default elementor-section-height-default\" data-id=\"42bba44\" data-element_type=\"section\">\n\t\t\t\t\t\t<div class=\"elementor-container elementor-column-gap-default\">\n\t\t\t\t\t<div class=\"elementor-column elementor-col-100 elementor-top-column elementor-element elementor-element-797f0f6\" data-id=\"797f0f6\" data-element_type=\"column\">\n\t\t\t<div class=\"elementor-widget-wrap elementor-element-populated\">\n\t\t\t\t\t\t<div class=\"elementor-element elementor-element-b02fa61 elementor-widget elementor-widget-heading\" data-id=\"b02fa61\" data-element_type=\"widget\" data-widget_type=\"heading.default\">\n\t\t\t\t<div class=\"elementor-widget-container\">\n\t\t\t\t\t<h2 class=\"elementor-heading-title elementor-size-default\">Why become a DEVCHAMPION PRO?<\/h2>\t\t\t\t<\/div>\n\t\t\t\t<\/div>\n\t\t\t\t\t<\/div>\n\t\t<\/div>\n\t\t\t\t\t<\/div>\n\t\t<\/section>\n\t\t\t\t<section class=\"elementor-section elementor-top-section elementor-element elementor-element-0722928 elementor-section-boxed elementor-section-height-default elementor-section-height-default\" data-id=\"0722928\" data-element_type=\"section\">\n\t\t\t\t\t\t<div class=\"elementor-container elementor-column-gap-default\">\n\t\t\t\t\t<div class=\"elementor-column elementor-col-50 elementor-top-column elementor-element elementor-element-8841366\" data-id=\"8841366\" data-element_type=\"column\">\n\t\t\t<div class=\"elementor-widget-wrap elementor-element-populated\">\n\t\t\t\t\t\t<div class=\"elementor-element elementor-element-cf06fbc elementor-widget__width-initial elementor-widget elementor-widget-image\" data-id=\"cf06fbc\" data-element_type=\"widget\" data-widget_type=\"image.default\">\n\t\t\t\t<div class=\"elementor-widget-container\">\n\t\t\t\t\t\t\t\t\t\t\t\t\t\t\t<img fetchpriority=\"high\" decoding=\"async\" width=\"489\" height=\"447\" src=\"https:\/\/thedevchampion.net\/wp-content\/uploads\/2022\/05\/Capture-decran-du-2022-04-28-11-50-07.png\" class=\"attachment-large size-large wp-image-5707\" alt=\"\" srcset=\"https:\/\/thedevchampion.net\/wp-content\/uploads\/2022\/05\/Capture-decran-du-2022-04-28-11-50-07.png 489w, https:\/\/thedevchampion.net\/wp-content\/uploads\/2022\/05\/Capture-decran-du-2022-04-28-11-50-07-300x274.png 300w, https:\/\/thedevchampion.net\/wp-content\/uploads\/2022\/05\/Capture-decran-du-2022-04-28-11-50-07-13x12.png 13w\" sizes=\"(max-width: 489px) 100vw, 489px\" \/>\t\t\t\t\t\t\t\t\t\t\t\t\t\t\t<\/div>\n\t\t\t\t<\/div>\n\t\t\t\t\t<\/div>\n\t\t<\/div>\n\t\t\t\t<div class=\"elementor-column elementor-col-50 elementor-top-column elementor-element elementor-element-474a2d9\" data-id=\"474a2d9\" data-element_type=\"column\">\n\t\t\t<div class=\"elementor-widget-wrap elementor-element-populated\">\n\t\t\t\t\t\t<div class=\"elementor-element elementor-element-09cce83 elementor-widget elementor-widget-text-editor\" data-id=\"09cce83\" data-element_type=\"widget\" data-widget_type=\"text-editor.default\">\n\t\t\t\t<div class=\"elementor-widget-container\">\n\t\t\t\t\t\t\t\t\t<p><span style=\"background-color: var(--bs-body-bg); text-align: var(--bs-body-text-align); color: #7a7a7a;\">En devenant un DEVCHAMPION PRO, vous b\u00e9n\u00e9ficiez d&#8217;un acc\u00e8s privil\u00e9gi\u00e9 aux meilleurs projets de conception\/d\u00e9veloppement d\u2019applications et aux missions d\u2019externalisations de longues dur\u00e9es.<\/span><\/p><p><span style=\"color: #7a7a7a;\">DEVCHAMPIONS PRO are developers who have proven skills and solid experience. They are able to quickly integrate our clients' projects and offer solutions that meet their needs.<\/span><\/p><p><span style=\"color: #7a7a7a;\">Want to be a PRO? If you have at least 3 years of experience in computer programming and want to work on reputable international software development projects then Join the community of PRO\u00a0<\/span><\/p>\t\t\t\t\t\t\t\t<\/div>\n\t\t\t\t<\/div>\n\t\t\t\t<div class=\"elementor-element elementor-element-170a0e0 elementor-widget elementor-widget-heading\" data-id=\"170a0e0\" data-element_type=\"widget\" data-widget_type=\"heading.default\">\n\t\t\t\t<div class=\"elementor-widget-container\">\n\t\t\t\t\t<h6 class=\"elementor-heading-title elementor-size-default\">Rejoindre  &gt;&gt;<\/h6>\t\t\t\t<\/div>\n\t\t\t\t<\/div>\n\t\t\t\t\t<\/div>\n\t\t<\/div>\n\t\t\t\t\t<\/div>\n\t\t<\/section>\n\t\t\t\t<\/div>","protected":false},"excerpt":{"rendered":"<p>Pourquoi devenir un DEVCHAMPION PRO ? En devenant un DEVCHAMPION PRO, vous b\u00e9n\u00e9ficiez d&#8217;un acc\u00e8s privil\u00e9gi\u00e9 aux meilleurs projets de conception\/d\u00e9veloppement d\u2019applications et aux missions d\u2019externalisations de longues dur\u00e9es. Les DEVCHAMPIONS PRO sont des d\u00e9veloppeurs qui ont des comp\u00e9tences av\u00e9r\u00e9es et des exp\u00e9riences solides. Ils sont capables d\u2019int\u00e9grer rapidement les projets de nos clients et [&hellip;]<\/p>","protected":false},"author":1,"featured_media":0,"parent":0,"menu_order":0,"comment_status":"closed","ping_status":"closed","template":"","meta":{"_monsterinsights_skip_tracking":false,"_monsterinsights_sitenote_active":false,"_monsterinsights_sitenote_note":"","_monsterinsights_sitenote_category":0,"footnotes":""},"class_list":["post-3816","page","type-page","status-publish","hentry"],"aioseo_notices":[],"_links":{"self":[{"href":"https:\/\/thedevchampion.net\/en\/wp-json\/wp\/v2\/pages\/3816","targetHints":{"allow":["GET"]}}],"collection":[{"href":"https:\/\/thedevchampion.net\/en\/wp-json\/wp\/v2\/pages"}],"about":[{"href":"https:\/\/thedevchampion.net\/en\/wp-json\/wp\/v2\/types\/page"}],"author":[{"embeddable":true,"href":"https:\/\/thedevchampion.net\/en\/wp-json\/wp\/v2\/users\/1"}],"replies":[{"embeddable":true,"href":"https:\/\/thedevchampion.net\/en\/wp-json\/wp\/v2\/comments?post=3816"}],"version-history":[{"count":0,"href":"https:\/\/thedevchampion.net\/en\/wp-json\/wp\/v2\/pages\/3816\/revisions"}],"wp:attachment":[{"href":"https:\/\/thedevchampion.net\/en\/wp-json\/wp\/v2\/media?parent=3816"}],"curies":[{"name":"wp","href":"https:\/\/api.w.org\/{rel}","templated":true}]}}